{"id":3353,"date":"2015-10-18T22:13:03","date_gmt":"2015-10-18T20:13:03","guid":{"rendered":"http:\/\/www.rincondediego.com\/ca\/espacio-creativo\/"},"modified":"2024-01-02T15:29:29","modified_gmt":"2024-01-02T14:29:29","slug":"espai-creatiu","status":"publish","type":"page","link":"https:\/\/www.rincondediego.com\/ca\/espai-creatiu\/","title":{"rendered":"ESPAI CREATIU"},"content":{"rendered":"<div id=\"pl-3353\"  class=\"panel-layout\" ><div id=\"pg-3353-0\"  class=\"panel-grid panel-has-style\" ><div class=\"hidden-xs panel-row-style panel-row-style-for-3353-0\" ><div id=\"pgc-3353-0-0\"  class=\"panel-grid-cell\" ><div id=\"panel-3353-0-0-0\" class=\"so-panel widget widget_text panel-first-child panel-last-child\" data-index=\"0\" >\t\t\t<div class=\"textwidget\"><link href=\"https:\/\/fonts.googleapis.com\/css?family=Open+Sans:400%2C300\" rel=\"stylesheet\" property=\"stylesheet\" type=\"text\/css\" media=\"all\">\n<div id=\"rev_slider_32_1_wrapper\" class=\"rev_slider_wrapper fullscreen-container\" data-source=\"gallery\" style=\"background:#ffffff;padding:0px;\">\n<!-- START REVOLUTION SLIDER 5.4.1 fullscreen mode -->\n\t<div id=\"rev_slider_32_1\" class=\"rev_slider fullscreenbanner\" style=\"display:none;\" data-version=\"5.4.1\">\n<ul>\t<!-- SLIDE  -->\n\t<li data-index=\"rs-182\" data-transition=\"boxslide\" data-slotamount=\"7\" data-hideafterloop=\"0\" data-hideslideonmobile=\"off\"  data-easein=\"default\" data-easeout=\"default\" data-masterspeed=\"600\"  data-thumb=\"https:\/\/www.rincondediego.com\/wp-content\/uploads\/2015\/11\/48-100x50.jpg\"  data-rotate=\"0\"  data-saveperformance=\"off\"  data-title=\"rd-art\" data-param1=\"\" data-param2=\"\" data-param3=\"\" data-param4=\"\" data-param5=\"\" data-param6=\"\" data-param7=\"\" data-param8=\"\" data-param9=\"\" data-param10=\"\" data-description=\"\">\n\t\t<!-- MAIN IMAGE -->\n\t\t<img loading=\"lazy\" decoding=\"async\" src=\"https:\/\/www.rincondediego.com\/wp-content\/plugins\/revslider\/admin\/assets\/images\/dummy.png\"  alt=\"Restaurant Rinc\u00f3n de Diego | 1 estrella Michel\u00edn | Cambrils\" title=\"48\"  width=\"1600\" height=\"900\" data-lazyload=\"https:\/\/www.rincondediego.com\/wp-content\/uploads\/2015\/11\/48.jpg\" data-bgposition=\"center center\" data-bgfit=\"cover\" data-bgrepeat=\"no-repeat\" data-bgparallax=\"1\" class=\"rev-slidebg\" data-no-retina>\n\t\t<!-- LAYERS -->\n\n\t\t<!-- LAYER NR. 1 -->\n\t\t<div class=\"tp-caption titleslider   tp-resizeme rs-parallaxlevel-4\" \n\t\t\t id=\"slide-182-layer-1\" \n\t\t\t data-x=\"center\" data-hoffset=\"2\" \n\t\t\t data-y=\"center\" data-voffset=\"36\" \n\t\t\t\t\t\tdata-width=\"['auto']\"\n\t\t\tdata-height=\"['auto']\"\n \n\t\t\tdata-type=\"text\" \n\t\t\tdata-responsive_offset=\"on\" \n\n\t\t\tdata-frames='[{\"delay\":1500,\"speed\":600,\"frame\":\"0\",\"from\":\"y:-50px;opacity:0;\",\"to\":\"o:1;\",\"ease\":\"Power4.easeInOut\"},{\"delay\":\"wait\",\"speed\":600,\"frame\":\"999\",\"to\":\"opacity:0;\",\"ease\":\"nothing\"}]'\n\t\t\tdata-textAlign=\"['inherit','inherit','inherit','inherit']\"\n\t\t\tdata-paddingtop=\"[0,0,0,0]\"\n\t\t\tdata-paddingright=\"[0,0,0,0]\"\n\t\t\tdata-paddingbottom=\"[0,0,0,0]\"\n\t\t\tdata-paddingleft=\"[0,0,0,0]\"\n\n\t\t\tstyle=\"z-index: 5; white-space: nowrap;font-family:Open Sans;\"><a href='#pg-3357-1'>\n<div class=\"sc-heading\">\n\t<h1 p class=\"heading__secondary\">RD, espai de<\/h1><\/p>\t\n<\/div>\n<\/a> <\/div>\n\n\t\t<!-- LAYER NR. 2 -->\n\t\t<div class=\"tp-caption black   tp-resizeme rs-parallaxlevel-5\" \n\t\t\t id=\"slide-182-layer-2\" \n\t\t\t data-x=\"center\" data-hoffset=\"\" \n\t\t\t data-y=\"center\" data-voffset=\"202\" \n\t\t\t\t\t\tdata-width=\"['auto']\"\n\t\t\tdata-height=\"['auto']\"\n \n\t\t\tdata-type=\"text\" \n\t\t\tdata-responsive_offset=\"on\" \n\n\t\t\tdata-frames='[{\"delay\":1500,\"speed\":300,\"frame\":\"0\",\"from\":\"opacity:0;\",\"to\":\"o:1;\",\"ease\":\"Power3.easeInOut\"},{\"delay\":\"wait\",\"speed\":300,\"frame\":\"999\",\"to\":\"auto:auto;\",\"ease\":\"nothing\"}]'\n\t\t\tdata-textAlign=\"['inherit','inherit','inherit','inherit']\"\n\t\t\tdata-paddingtop=\"[0,0,0,0]\"\n\t\t\tdata-paddingright=\"[0,0,0,0]\"\n\t\t\tdata-paddingbottom=\"[0,0,0,0]\"\n\t\t\tdata-paddingleft=\"[0,0,0,0]\"\n\n\t\t\tstyle=\"z-index: 6; white-space: nowrap; font-size: px; line-height: px; font-weight: 300; letter-spacing: px;font-family:Open Sans;\"><a href='#pg-3353-1' class='tp-button primary small'>VEURE LES NOSTRES PROPOSTES<\/a> <\/div>\n\n\t\t<!-- LAYER NR. 3 -->\n\t\t<div class=\"tp-caption titleslider   tp-resizeme rs-parallaxlevel-4\" \n\t\t\t id=\"slide-182-layer-7\" \n\t\t\t data-x=\"center\" data-hoffset=\"\" \n\t\t\t data-y=\"center\" data-voffset=\"86\" \n\t\t\t\t\t\tdata-width=\"['auto']\"\n\t\t\tdata-height=\"['auto']\"\n \n\t\t\tdata-type=\"text\" \n\t\t\tdata-responsive_offset=\"on\" \n\n\t\t\tdata-frames='[{\"delay\":1500,\"speed\":600,\"frame\":\"0\",\"from\":\"y:-50px;opacity:0;\",\"to\":\"o:1;\",\"ease\":\"Power4.easeInOut\"},{\"delay\":\"wait\",\"speed\":600,\"frame\":\"999\",\"to\":\"opacity:0;\",\"ease\":\"nothing\"}]'\n\t\t\tdata-textAlign=\"['inherit','inherit','inherit','inherit']\"\n\t\t\tdata-paddingtop=\"[0,0,0,0]\"\n\t\t\tdata-paddingright=\"[0,0,0,0]\"\n\t\t\tdata-paddingbottom=\"[0,0,0,0]\"\n\t\t\tdata-paddingleft=\"[0,0,0,0]\"\n\n\t\t\tstyle=\"z-index: 7; white-space: nowrap;font-family:Open Sans;\"><a href='#pg-3357-1'>\n<div class=\"sc-heading\">\n        <h2 class=\"heading__primary\" style=\"color: #fff;   text-transform: uppercase;\">SENSACIONS<\/h2>\n<\/div>\n<\/a> <\/div>\n\t<\/li>\n\t<!-- SLIDE  -->\n\t<li data-index=\"rs-181\" data-transition=\"boxslide\" data-slotamount=\"7\" data-hideafterloop=\"0\" data-hideslideonmobile=\"off\"  data-easein=\"default\" data-easeout=\"default\" data-masterspeed=\"600\"  data-thumb=\"https:\/\/www.rincondediego.com\/wp-content\/uploads\/2015\/09\/09-100x50.jpg\"  data-rotate=\"0\"  data-saveperformance=\"off\"  data-title=\"rd-art\" data-param1=\"\" data-param2=\"\" data-param3=\"\" data-param4=\"\" data-param5=\"\" data-param6=\"\" data-param7=\"\" data-param8=\"\" data-param9=\"\" data-param10=\"\" data-description=\"\">\n\t\t<!-- MAIN IMAGE -->\n\t\t<img loading=\"lazy\" decoding=\"async\" src=\"https:\/\/www.rincondediego.com\/wp-content\/plugins\/revslider\/admin\/assets\/images\/dummy.png\"  alt=\"Rinc\u00f3n de Diego | Cambrils\" title=\"Rinc\u00f3n de Diego | Cambrils\"  width=\"1600\" height=\"900\" data-lazyload=\"https:\/\/www.rincondediego.com\/wp-content\/uploads\/2015\/09\/09.jpg\" data-bgposition=\"center center\" data-bgfit=\"cover\" data-bgrepeat=\"no-repeat\" data-bgparallax=\"1\" class=\"rev-slidebg\" data-no-retina>\n\t\t<!-- LAYERS -->\n\n\t\t<!-- LAYER NR. 4 -->\n\t\t<div class=\"tp-caption titleslider   tp-resizeme rs-parallaxlevel-4\" \n\t\t\t id=\"slide-181-layer-1\" \n\t\t\t data-x=\"center\" data-hoffset=\"2\" \n\t\t\t data-y=\"center\" data-voffset=\"36\" \n\t\t\t\t\t\tdata-width=\"['auto']\"\n\t\t\tdata-height=\"['auto']\"\n \n\t\t\tdata-type=\"text\" \n\t\t\tdata-responsive_offset=\"on\" \n\n\t\t\tdata-frames='[{\"delay\":1500,\"speed\":600,\"frame\":\"0\",\"from\":\"y:-50px;opacity:0;\",\"to\":\"o:1;\",\"ease\":\"Power4.easeInOut\"},{\"delay\":\"wait\",\"speed\":600,\"frame\":\"999\",\"to\":\"opacity:0;\",\"ease\":\"nothing\"}]'\n\t\t\tdata-textAlign=\"['inherit','inherit','inherit','inherit']\"\n\t\t\tdata-paddingtop=\"[0,0,0,0]\"\n\t\t\tdata-paddingright=\"[0,0,0,0]\"\n\t\t\tdata-paddingbottom=\"[0,0,0,0]\"\n\t\t\tdata-paddingleft=\"[0,0,0,0]\"\n\n\t\t\tstyle=\"z-index: 5; white-space: nowrap;font-family:Open Sans;\"><a href='#pg-3357-1'>\n<div class=\"sc-heading\">\n\t<h1 p class=\"heading__secondary\">Brots de<\/h1><\/p>\t\n<\/div>\n<\/a> <\/div>\n\n\t\t<!-- LAYER NR. 5 -->\n\t\t<div class=\"tp-caption black   tp-resizeme rs-parallaxlevel-5\" \n\t\t\t id=\"slide-181-layer-2\" \n\t\t\t data-x=\"center\" data-hoffset=\"\" \n\t\t\t data-y=\"center\" data-voffset=\"201\" \n\t\t\t\t\t\tdata-width=\"['auto']\"\n\t\t\tdata-height=\"['auto']\"\n \n\t\t\tdata-type=\"text\" \n\t\t\tdata-responsive_offset=\"on\" \n\n\t\t\tdata-frames='[{\"delay\":1500,\"speed\":300,\"frame\":\"0\",\"from\":\"opacity:0;\",\"to\":\"o:1;\",\"ease\":\"Power3.easeInOut\"},{\"delay\":\"wait\",\"speed\":300,\"frame\":\"999\",\"to\":\"auto:auto;\",\"ease\":\"nothing\"}]'\n\t\t\tdata-textAlign=\"['inherit','inherit','inherit','inherit']\"\n\t\t\tdata-paddingtop=\"[0,0,0,0]\"\n\t\t\tdata-paddingright=\"[0,0,0,0]\"\n\t\t\tdata-paddingbottom=\"[0,0,0,0]\"\n\t\t\tdata-paddingleft=\"[0,0,0,0]\"\n\n\t\t\tstyle=\"z-index: 6; white-space: nowrap; font-size: px; line-height: px; font-weight: 300; letter-spacing: px;font-family:Open Sans;\"><a href='#pg-3353-1' class='tp-button primary small'>VEURE LES NOSTRES PROPOSTES<\/a> <\/div>\n\n\t\t<!-- LAYER NR. 6 -->\n\t\t<div class=\"tp-caption titleslider   tp-resizeme rs-parallaxlevel-4\" \n\t\t\t id=\"slide-181-layer-7\" \n\t\t\t data-x=\"center\" data-hoffset=\"1\" \n\t\t\t data-y=\"center\" data-voffset=\"85\" \n\t\t\t\t\t\tdata-width=\"['auto']\"\n\t\t\tdata-height=\"['auto']\"\n \n\t\t\tdata-type=\"text\" \n\t\t\tdata-responsive_offset=\"on\" \n\n\t\t\tdata-frames='[{\"delay\":1500,\"speed\":600,\"frame\":\"0\",\"from\":\"y:-50px;opacity:0;\",\"to\":\"o:1;\",\"ease\":\"Power4.easeInOut\"},{\"delay\":\"wait\",\"speed\":600,\"frame\":\"999\",\"to\":\"opacity:0;\",\"ease\":\"nothing\"}]'\n\t\t\tdata-textAlign=\"['inherit','inherit','inherit','inherit']\"\n\t\t\tdata-paddingtop=\"[0,0,0,0]\"\n\t\t\tdata-paddingright=\"[0,0,0,0]\"\n\t\t\tdata-paddingbottom=\"[0,0,0,0]\"\n\t\t\tdata-paddingleft=\"[0,0,0,0]\"\n\n\t\t\tstyle=\"z-index: 7; white-space: nowrap;font-family:Open Sans;\"><a href='#pg-3357-1'>\n<div class=\"sc-heading\">\n        <h2 class=\"heading__primary\" style=\"color: #fff;   text-transform: uppercase;\">CREATIVITAT<\/h2>\n<\/div>\n<\/a> <\/div>\n\t<\/li>\n<\/ul>\n<script>var htmlDiv = document.getElementById(\"rs-plugin-settings-inline-css\"); var htmlDivCss=\"\";\r\n\t\t\t\t\t\tif(htmlDiv) {\r\n\t\t\t\t\t\t\thtmlDiv.innerHTML = htmlDiv.innerHTML + htmlDivCss;\r\n\t\t\t\t\t\t}else{\r\n\t\t\t\t\t\t\tvar htmlDiv = document.createElement(\"div\");\r\n\t\t\t\t\t\t\thtmlDiv.innerHTML = \"<style>\" + htmlDivCss + \"<\/style>\";\r\n\t\t\t\t\t\t\tdocument.getElementsByTagName(\"head\")[0].appendChild(htmlDiv.childNodes[0]);\r\n\t\t\t\t\t\t}\r\n\t\t\t\t\t<\/script>\n<div class=\"tp-bannertimer\" style=\"height: 5px; background: rgba(0,0,0,0.15);\"><\/div>\t<\/div>\n<script>var htmlDiv = document.getElementById(\"rs-plugin-settings-inline-css\"); var htmlDivCss=\".tp-caption.black,.black{color:#000;text-shadow:none}.tp-caption.titleslider,.titleslider{background-color:transparent;text-decoration:none;border-width:0px;border-color:rgb(34,34,34);border-style:none}\";\r\n\t\t\t\tif(htmlDiv) {\r\n\t\t\t\t\thtmlDiv.innerHTML = htmlDiv.innerHTML + htmlDivCss;\r\n\t\t\t\t}else{\r\n\t\t\t\t\tvar htmlDiv = document.createElement(\"div\");\r\n\t\t\t\t\thtmlDiv.innerHTML = \"<style>\" + htmlDivCss + \"<\/style>\";\r\n\t\t\t\t\tdocument.getElementsByTagName(\"head\")[0].appendChild(htmlDiv.childNodes[0]);\r\n\t\t\t\t}\r\n\t\t\t<\/script>\n\t\t<script type=\"text\/javascript\">\r\n\t\t\t\t\t\t\/******************************************\r\n\t\t\t\t-\tPREPARE PLACEHOLDER FOR SLIDER\t-\r\n\t\t\t******************************************\/\r\n\r\n\t\t\tvar setREVStartSize=function(){\r\n\t\t\t\ttry{var e=new Object,i=jQuery(window).width(),t=9999,r=0,n=0,l=0,f=0,s=0,h=0;\r\n\t\t\t\t\te.c = jQuery('#rev_slider_32_1');\r\n\t\t\t\t\te.gridwidth = [1170];\r\n\t\t\t\t\te.gridheight = [800];\r\n\t\t\t\t\t\t\t\r\n\t\t\t\t\te.sliderLayout = \"fullscreen\";\r\n\t\t\t\t\te.fullScreenAutoWidth='off';\r\n\t\t\t\t\te.fullScreenAlignForce='on';\r\n\t\t\t\t\te.fullScreenOffsetContainer= '';\r\n\t\t\t\t\te.fullScreenOffset='';\r\n\t\t\t\t\tif(e.responsiveLevels&&(jQuery.each(e.responsiveLevels,function(e,f){f>i&&(t=r=f,l=e),i>f&&f>r&&(r=f,n=e)}),t>r&&(l=n)),f=e.gridheight[l]||e.gridheight[0]||e.gridheight,s=e.gridwidth[l]||e.gridwidth[0]||e.gridwidth,h=i\/s,h=h>1?1:h,f=Math.round(h*f),\"fullscreen\"==e.sliderLayout){var u=(e.c.width(),jQuery(window).height());if(void 0!=e.fullScreenOffsetContainer){var c=e.fullScreenOffsetContainer.split(\",\");if (c) jQuery.each(c,function(e,i){u=jQuery(i).length>0?u-jQuery(i).outerHeight(!0):u}),e.fullScreenOffset.split(\"%\").length>1&&void 0!=e.fullScreenOffset&&e.fullScreenOffset.length>0?u-=jQuery(window).height()*parseInt(e.fullScreenOffset,0)\/100:void 0!=e.fullScreenOffset&&e.fullScreenOffset.length>0&&(u-=parseInt(e.fullScreenOffset,0))}f=u}else void 0!=e.minHeight&&f<e.minHeight&&(f=e.minHeight);e.c.closest(\".rev_slider_wrapper\").css({height:f})\r\n\t\t\t\t\t\r\n\t\t\t\t}catch(d){console.log(\"Failure at Presize of Slider:\"+d)}\r\n\t\t\t};\r\n\t\t\t\r\n\t\t\tsetREVStartSize();\r\n\t\t\t\r\n\t\t\t\t\t\tvar tpj=jQuery;\r\n\t\t\ttpj.noConflict();\r\n\t\t\tvar revapi32;\r\n\t\t\ttpj(document).ready(function() {\n\t\t\t\tif(tpj(\"#rev_slider_32_1\").revolution == undefined){\n\t\t\t\t\trevslider_showDoubleJqueryError(\"#rev_slider_32_1\");\n\t\t\t\t}else{\n\t\t\t\t\trevapi32 = tpj(\"#rev_slider_32_1\").show().revolution({\n\t\t\t\t\t\tsliderType:\"standard\",\njsFileLocation:\"\/\/www.rincondediego.com\/wp-content\/plugins\/revslider\/public\/assets\/js\/\",\n\t\t\t\t\t\tsliderLayout:\"fullscreen\",\n\t\t\t\t\t\tdottedOverlay:\"twoxtwo\",\n\t\t\t\t\t\tdelay:9000,\n\t\t\t\t\t\tnavigation: {\n\t\t\t\t\t\t\tkeyboardNavigation:\"on\",\n\t\t\t\t\t\t\tkeyboard_direction: \"horizontal\",\n\t\t\t\t\t\t\tmouseScrollNavigation:\"off\",\n \t\t\t\t\t\t\tmouseScrollReverse:\"default\",\n\t\t\t\t\t\t\tonHoverStop:\"off\",\n\t\t\t\t\t\t\ttouch:{\n\t\t\t\t\t\t\t\ttouchenabled:\"on\",\n\t\t\t\t\t\t\t\ttouchOnDesktop:\"off\",\n\t\t\t\t\t\t\t\tswipe_threshold: 0.7,\n\t\t\t\t\t\t\t\tswipe_min_touches: 1,\n\t\t\t\t\t\t\t\tswipe_direction: \"horizontal\",\n\t\t\t\t\t\t\t\tdrag_block_vertical: false\n\t\t\t\t\t\t\t}\n\t\t\t\t\t\t\t,\n\t\t\t\t\t\t\tarrows: {\n\t\t\t\t\t\t\t\tstyle:\"custom\",\n\t\t\t\t\t\t\t\tenable:true,\n\t\t\t\t\t\t\t\thide_onmobile:false,\n\t\t\t\t\t\t\t\thide_onleave:false,\n\t\t\t\t\t\t\t\ttmp:'',\n\t\t\t\t\t\t\t\tleft: {\n\t\t\t\t\t\t\t\t\th_align:\"left\",\n\t\t\t\t\t\t\t\t\tv_align:\"center\",\n\t\t\t\t\t\t\t\t\th_offset:20,\n\t\t\t\t\t\t\t\t\tv_offset:0\n\t\t\t\t\t\t\t\t},\n\t\t\t\t\t\t\t\tright: {\n\t\t\t\t\t\t\t\t\th_align:\"right\",\n\t\t\t\t\t\t\t\t\tv_align:\"center\",\n\t\t\t\t\t\t\t\t\th_offset:20,\n\t\t\t\t\t\t\t\t\tv_offset:0\n\t\t\t\t\t\t\t\t}\n\t\t\t\t\t\t\t}\n\t\t\t\t\t\t},\n\t\t\t\t\t\tvisibilityLevels:[1240,1024,778,480],\n\t\t\t\t\t\tgridwidth:1170,\n\t\t\t\t\t\tgridheight:800,\n\t\t\t\t\t\tlazyType:\"all\",\n\t\t\t\t\t\tparallax: {\n\t\t\t\t\t\t\ttype:\"scroll\",\n\t\t\t\t\t\t\torigo:\"enterpoint\",\n\t\t\t\t\t\t\tspeed:400,\n\t\t\t\t\t\t\tlevels:[10,20,30,40,50,60,70,80,90,100,47,48,49,50,51,55],\n\t\t\t\t\t\t},\n\t\t\t\t\t\tshadow:0,\n\t\t\t\t\t\tspinner:\"spinner4\",\n\t\t\t\t\t\tstopLoop:\"off\",\n\t\t\t\t\t\tstopAfterLoops:-1,\n\t\t\t\t\t\tstopAtSlide:-1,\n\t\t\t\t\t\tshuffle:\"on\",\n\t\t\t\t\t\tautoHeight:\"off\",\n\t\t\t\t\t\tfullScreenAutoWidth:\"off\",\n\t\t\t\t\t\tfullScreenAlignForce:\"on\",\n\t\t\t\t\t\tfullScreenOffsetContainer: \"\",\n\t\t\t\t\t\tfullScreenOffset: \"\",\n\t\t\t\t\t\thideThumbsOnMobile:\"off\",\n\t\t\t\t\t\thideSliderAtLimit:0,\n\t\t\t\t\t\thideCaptionAtLimit:0,\n\t\t\t\t\t\thideAllCaptionAtLilmit:0,\n\t\t\t\t\t\tdebugMode:false,\n\t\t\t\t\t\tfallbacks: {\n\t\t\t\t\t\t\tsimplifyAll:\"off\",\n\t\t\t\t\t\t\tnextSlideOnWindowFocus:\"off\",\n\t\t\t\t\t\t\tdisableFocusListener:false,\n\t\t\t\t\t\t}\n\t\t\t\t\t});\n\t\t\t\t}\n\t\t\t});\t\/*ready*\/\n\t\t<\/script>\r\n\t\t<script>\r\n\t\t\t\t\tvar htmlDivCss = '\t#rev_slider_32_1_wrapper .tp-loader.spinner4 div { background-color: #fff !important; } ';\r\n\t\t\t\t\tvar htmlDiv = document.getElementById('rs-plugin-settings-inline-css');\r\n\t\t\t\t\tif(htmlDiv) {\r\n\t\t\t\t\t\thtmlDiv.innerHTML = htmlDiv.innerHTML + htmlDivCss;\r\n\t\t\t\t\t}\r\n\t\t\t\t\telse{\r\n\t\t\t\t\t\tvar htmlDiv = document.createElement('div');\r\n\t\t\t\t\t\thtmlDiv.innerHTML = '<style>' + htmlDivCss + '<\/style>';\r\n\t\t\t\t\t\tdocument.getElementsByTagName('head')[0].appendChild(htmlDiv.childNodes[0]);\r\n\t\t\t\t\t}\r\n\t\t\t\t\t<\/script>\r\n\t\t\t\t\t<script>\r\n\t\t\t\t\tvar htmlDivCss = unescape(\".custom.tparrows%20%7B%0A%09cursor%3Apointer%3B%0A%09background%3A%23000%3B%0A%09background%3Argba%280%2C0%2C0%2C0.5%29%3B%0A%09width%3A40px%3B%0A%09height%3A40px%3B%0A%09position%3Aabsolute%3B%0A%09display%3Ablock%3B%0A%09z-index%3A100%3B%0A%7D%0A.custom.tparrows%3Ahover%20%7B%0A%09background%3A%23000%3B%0A%7D%0A.custom.tparrows%3Abefore%20%7B%0A%09font-family%3A%20%22revicons%22%3B%0A%09font-size%3A15px%3B%0A%09color%3A%23fff%3B%0A%09display%3Ablock%3B%0A%09line-height%3A%2040px%3B%0A%09text-align%3A%20center%3B%0A%7D%0A.custom.tparrows.tp-leftarrow%3Abefore%20%7B%0A%09content%3A%20%22%5Ce824%22%3B%0A%7D%0A.custom.tparrows.tp-rightarrow%3Abefore%20%7B%0A%09content%3A%20%22%5Ce825%22%3B%0A%7D%0A%0A%0A\");\r\n\t\t\t\t\tvar htmlDiv = document.getElementById('rs-plugin-settings-inline-css');\r\n\t\t\t\t\tif(htmlDiv) {\r\n\t\t\t\t\t\thtmlDiv.innerHTML = htmlDiv.innerHTML + htmlDivCss;\r\n\t\t\t\t\t}\r\n\t\t\t\t\telse{\r\n\t\t\t\t\t\tvar htmlDiv = document.createElement('div');\r\n\t\t\t\t\t\thtmlDiv.innerHTML = '<style>' + htmlDivCss + '<\/style>';\r\n\t\t\t\t\t\tdocument.getElementsByTagName('head')[0].appendChild(htmlDiv.childNodes[0]);\r\n\t\t\t\t\t}\r\n\t\t\t\t  <\/script>\r\n\t\t\t\t<\/div><!-- END REVOLUTION SLIDER -->\n<\/div>\n\t\t<\/div><\/div><\/div><\/div><div id=\"pg-3353-1\"  class=\"panel-grid panel-has-style\" ><div class=\"panel-row-style panel-row-style-for-3353-1\" ><div id=\"pgc-3353-1-0\"  class=\"panel-grid-cell\" ><div id=\"panel-3353-1-0-0\" class=\"so-panel widget widget_icon-box panel-first-child panel-last-child\" data-index=\"1\" ><div class=\"thim-widget-icon-box thim-widget-icon-box-base\"><div class=\"wrapper-box-icon text-center  wpb_animate_when_almost_visible wpb_top-to-bottom\"  data-btn-bg=\"#ffb606\" data-text-readmore=\"#ffffff\"><div class=\"smicon-box icon-top\"><div class=\"content-inner\" ><div class=\"sc-heading article_heading\"><p class=\"heading__secondary\">Els fogons de<\/p><h2 class = \"heading__primary wrapper-line-heading\" style=\"color: #785d1b;\">DIEGO I RUB\u00c9N CAMPOS<span class=\"line-heading\" style=\"background-color: #785d1b\"\"><\/span><\/h2><\/div><div class=\"desc-icon-box\"><p style=\"color: #61614d;\"><p>La innovadora cuina del Rinc\u00f3n de Diego \u00e9s <strong>l'espai gastrocreatiu on treballem amb peix i marisc fresc de primer\u00edssima qualitat<\/strong> i amb producte de proximitat. Producte de mercat que escollim amb cura i que ens permet dissenyar les nostres pr\u00f2pies creacions gastron\u00f2miques d'autor que anem renovant segons la temporada.<\/p>\n<p>Per tal d'aconseguir la millor harmonia a taula hem dissenyat diverses propostes gastron\u00f2miques, disponibles per a taula completa, que inclouen algunes de les creacions de temporada m\u00e9s sorprenents.<\/p>\n\n<\/p><a class=\"smicon-read sc-btn\" href=\"gastropropostes\/#pg-3357-1\"  style=\"border-color: #ffb606;background-color: #ffb606;color: #2a2a2a;\" >PROPOSTES GASTRON\u00d2MIQUES<\/a><\/div><\/div><\/div><!--end smicon-box--><\/div><\/div><\/div><\/div><div id=\"pgc-3353-1-1\"  class=\"panel-grid-cell\" ><div id=\"panel-3353-1-1-0\" class=\"so-panel widget widget_single-images panel-first-child panel-last-child\" data-index=\"2\" ><div class=\"thim-widget-single-images thim-widget-single-images-base\"><div class=\"single-image center wpb_animate_when_almost_visible wpb_top-to-bottom\" ><img src =\"https:\/\/www.rincondediego.com\/wp-content\/uploads\/2020\/01\/espacio-creativo-01-2020.jpg\" width=\"1000\" height=\"938\" alt=\"\"\/><\/div><\/div><\/div><\/div><\/div><\/div><div id=\"pg-3353-2\"  class=\"panel-grid panel-has-style\" ><div class=\"panel-row-style panel-row-style-for-3353-2\" ><div id=\"pgc-3353-2-0\"  class=\"panel-grid-cell\" ><div id=\"panel-3353-2-0-0\" class=\"so-panel widget widget_single-images panel-first-child panel-last-child\" data-index=\"3\" ><div class=\"hidden-xs panel-widget-style panel-widget-style-for-3353-2-0-0\" ><div class=\"thim-widget-single-images thim-widget-single-images-base\"><div class=\"single-image center wpb_animate_when_almost_visible wpb_top-to-bottom\" ><img src =\"https:\/\/www.rincondediego.com\/wp-content\/uploads\/2020\/01\/gastro-02-2020.jpg\" width=\"1000\" height=\"653\" alt=\"\"\/><\/div><\/div><\/div><\/div><\/div><div id=\"pgc-3353-2-1\"  class=\"panel-grid-cell\" ><div id=\"panel-3353-2-1-0\" class=\"so-panel widget widget_icon-box panel-first-child\" data-index=\"4\" ><div class=\"thim-widget-icon-box thim-widget-icon-box-base\"><div class=\"wrapper-box-icon text-center  wpb_animate_when_almost_visible wpb_top-to-bottom\"  data-btn-bg=\"#ffb606\" data-text-readmore=\"#ffffff\"><div class=\"smicon-box icon-top\"><div class=\"boxes-icon\" style=\"width: 60px;height: 60px;\"><span class=\"inner-icon\"><span class=\"icon\"><i class=\"pe-7s-star\" style=\"color:#785d1b; font-size:50px; line-height:50px; vertical-align: middle;\"><\/i><\/span><\/span><\/div><div class=\"content-inner\" ><div class=\"desc-icon-box\"><p style=\"color: #61614d;\"><p>A continuaci\u00f3 us presentem <strong> les nostres propostes gastron\u00f2miques <\/strong> dissenyades amb cura per aconseguir la major harmonia a taula.<\/p>\n<p><strong><a href=\"https:\/\/www.rincondediego.com\/ca\/packs-regal-on-line\" target=\"_self\">Packs-regal Rinc\u00f3n de Diego<\/a><\/strong>. Us oferim la possibilitat de regalar als vostres amics o familiars, qualsevol dels nostres men\u00fas. Contacteu amb nosaltres per tel\u00e8fon o correu electr\u00f2nic i us informarem de com fer-ho.<\/p><\/p><\/div><\/div><\/div><!--end smicon-box--><\/div><\/div><\/div><div id=\"panel-3353-2-1-1\" class=\"so-panel widget widget_sow-button panel-last-child\" data-index=\"5\" ><div\n\t\t\t\n\t\t\tclass=\"so-widget-sow-button so-widget-sow-button-flat-38781c345f4a-3353\"\n\t\t\t\n\t\t><div class=\"ow-button-base ow-button-align-center\"\n>\n\t\t\t<a\n\t\t\t\t\thref=\"https:\/\/www.rincondediego.com\/ca\/contacte\/\"\n\t\t\t\t\tclass=\"sowb-button ow-icon-placement-left ow-button-hover\" \t>\n\t\t<span>\n\t\t\t<span class=\"sow-icon-fontawesome sow-fas\" data-sow-icon=\"&#xf005;\"\n\t\tstyle=\"\" \n\t\taria-hidden=\"true\"><\/span>\n\t\t\tCONTACTAR AMB RD\t\t<\/span>\n\t\t\t<\/a>\n\t<\/div>\n<\/div><\/div><\/div><\/div><\/div><div id=\"pg-3353-3\"  class=\"panel-grid panel-has-style\" ><div class=\"siteorigin-panels-stretch panel-row-style panel-row-style-for-3353-3\" data-stretch-type=\"full-width-stretch\" ><div id=\"pgc-3353-3-0\"  class=\"panel-grid-cell\" ><div id=\"panel-3353-3-0-0\" class=\"so-panel widget widget_empty-space panel-first-child panel-last-child\" data-index=\"6\" ><div class=\"thim-widget-empty-space thim-widget-empty-space-base\"><div class=\"empty_space\" style=\"height:100px\"><\/div><\/div><\/div><\/div><\/div><\/div><\/div>","protected":false},"excerpt":{"rendered":"\n<p>\n\tRD, espai de\t<\/p>\n<p>\n<br \n<\/p>\n","protected":false},"author":1,"featured_media":0,"parent":0,"menu_order":0,"comment_status":"closed","ping_status":"closed","template":"page-templates\/homepage.php","meta":{"footnotes":""},"class_list":["post-3353","page","type-page","status-publish","hentry"],"_links":{"self":[{"href":"https:\/\/www.rincondediego.com\/ca\/wp-json\/wp\/v2\/pages\/3353"}],"collection":[{"href":"https:\/\/www.rincondediego.com\/ca\/wp-json\/wp\/v2\/pages"}],"about":[{"href":"https:\/\/www.rincondediego.com\/ca\/wp-json\/wp\/v2\/types\/page"}],"author":[{"embeddable":true,"href":"https:\/\/www.rincondediego.com\/ca\/wp-json\/wp\/v2\/users\/1"}],"replies":[{"embeddable":true,"href":"https:\/\/www.rincondediego.com\/ca\/wp-json\/wp\/v2\/comments?post=3353"}],"version-history":[{"count":14,"href":"https:\/\/www.rincondediego.com\/ca\/wp-json\/wp\/v2\/pages\/3353\/revisions"}],"predecessor-version":[{"id":17177,"href":"https:\/\/www.rincondediego.com\/ca\/wp-json\/wp\/v2\/pages\/3353\/revisions\/17177"}],"wp:attachment":[{"href":"https:\/\/www.rincondediego.com\/ca\/wp-json\/wp\/v2\/media?parent=3353"}],"curies":[{"name":"wp","href":"https:\/\/api.w.org\/{rel}","templated":true}]}}